{"id":584,"date":"2016-03-29T12:38:57","date_gmt":"2016-03-29T12:38:57","guid":{"rendered":"http:\/\/schooltime.aislinthemes.com\/?page_id=584"},"modified":"2017-09-22T10:00:37","modified_gmt":"2017-09-22T08:00:37","slug":"school-info","status":"publish","type":"page","link":"https:\/\/bs-vss.ch\/?page_id=584","title":{"rendered":"\u00dcber uns"},"content":{"rendered":"<div class=\"wpb-content-wrapper\"><p>[vc_row][vc_column width=&#8220;1\/2&#8243;][vc_single_image image=&#8220;1749&#8243; img_size=&#8220;full&#8220; css=&#8220;.vc_custom_1505999300697{margin-bottom: 25px !important;}&#8220;][vc_custom_heading text=&#8220;Wir stellen uns vor&#8220; font_container=&#8220;tag:h4|text_align:left&#8220; use_theme_fonts=&#8220;yes&#8220;][vc_column_text css=&#8220;.vc_custom_1505989701485{padding-right: 20px !important;}&#8220;]<\/p>\n<ul>\n<li>bsVSS ist die Abk\u00fcrzung f\u00fcr den &#8222;Baselst\u00e4dtischen Verband f\u00fcr Sport in der Schule&#8220;<\/li>\n<li>Wir sind ein Kantonalverband des SVSS (Schweizerischer Verband f\u00fcr Sport in der Schule).\u2028 Unsere Mitglieder sind Turn- und SportlehrerInnen I und II, PrimarlehrerInnen, Kinderg\u00e4rtnerInnen und andere im Bereich Sport t\u00e4tige Personen.<\/li>\n<li>Der Vorstand des Verbandes besteht aus einem jungen und dynamischen Team mit Visionen. F\u00fcr eine interessante Zukunft laden wir auch Dich ein, uns zu unterst\u00fctzen, indem Du bei uns Mitglied wirst!<\/li>\n<\/ul>\n<p>[\/vc_column_text][\/vc_column][vc_column width=&#8220;1\/2&#8243; css=&#8220;.vc_custom_1459416622945{margin-bottom: 30px !important;}&#8220;][vc_single_image image=&#8220;1747&#8243; img_size=&#8220;full&#8220; css=&#8220;.vc_custom_1505999182082{margin-bottom: 25px !important;}&#8220;][vc_custom_heading text=&#8220;Leitbild&#8220; font_container=&#8220;tag:h4|text_align:left&#8220; use_theme_fonts=&#8220;yes&#8220;][vc_column_text css=&#8220;.vc_custom_1505989672444{padding-right: 20px !important;}&#8220;]<\/p>\n<ul>\n<li>Der bsVSS vertritt als Fachvereinigung die Interessen der Sportunterrichtenden aller Unterrichtsstufen (Kindergarten, Primarschule, Sekundarstufe 1 und Sekundarstufe 2) in Basel-Stadt in gewerkschaftlicher Art.<\/li>\n<li>Der bsVSS wirkt als Vertreter aller Sportunterrichtenden in Basel-Stadt meinungsbildend bei politischen Gremien, in der \u00d6ffentlichkeit und in der SportlehrerInnen-Ausbildung.<br \/>\nEr nimmt \u00f6ffentlich Stellung und kann Ansprechpartner f\u00fcr Beh\u00f6rden und Entscheidungstr\u00e4ger bei sportpolitischen Themen sein.<\/li>\n<li>Der bsVSS bietet Weiterbildung f\u00fcr Sportunterrichtende aller Schulstufen an.<\/li>\n<li>Der bsVSS hilft Anl\u00e4sse zu organisieren.<\/li>\n<\/ul>\n<p>[\/vc_column_text][\/vc_column][\/vc_row][vc_row][vc_column width=&#8220;1\/2&#8243;][vc_single_image image=&#8220;1755&#8243; img_size=&#8220;full&#8220; css=&#8220;.vc_custom_1506000427798{margin-bottom: 25px !important;}&#8220;][vc_custom_heading text=&#8220;Der SVSS in der Politik&#8220; font_container=&#8220;tag:h4|text_align:left&#8220; use_theme_fonts=&#8220;yes&#8220;][vc_column_text css=&#8220;.vc_custom_1505998851831{padding-right: 20px !important;}&#8220;]<\/p>\n<ul>\n<li>Pflegt eine enge Vernetzung mit den Entscheidungstr\u00e4gern aus Politik und Bildung.<\/li>\n<li>Bewirkt optimale politische Rahmenbedingungen<\/li>\n<li>Unterst\u00fctzt den Bund und die Kantone bei der Umsetzung der gesetzlichen Vorgaben f\u00fcr den Sportunterricht<\/li>\n<\/ul>\n<p>[\/vc_column_text][\/vc_column][vc_column width=&#8220;1\/2&#8243;][vc_single_image image=&#8220;1753&#8243; img_size=&#8220;full&#8220; css=&#8220;.vc_custom_1506000257481{margin-bottom: 25px !important;}&#8220;][vc_custom_heading text=&#8220;Weiterbildung Zentralverband&#8220; font_container=&#8220;tag:h4|text_align:left&#8220; use_theme_fonts=&#8220;yes&#8220;][vc_column_text css=&#8220;.vc_custom_1506067234716{padding-right: 20px !important;}&#8220;]<\/p>\n<ul>\n<li>Die Weiterbildungsangebote sind auf alle Unterrichtsstufen der ganzen Schweiz ausgerichtet.<\/li>\n<li>Das Weiterbildungsprogramm umfasst Halbtages-, Tages- und Wochenkurse<\/li>\n<li>Die Weiterbildungen sind gegliedert in die Bereiche Tanz, Unterrichtsentwicklung, Bewegung und Gesundheit, Outdoor, Polysportives &amp; Spiele und Bewegte Schule.<\/li>\n<li>Der &#8222;Schulkongress Bewegung &amp; Sport&#8220; wird alle 2 Jahre durchgef\u00fchrt.<\/li>\n<li>Das aktuelle Kursprogramm ist online verf\u00fcgbar unter <a href=\"http:\/\/www.svss.ch\" target=\"_blank\" rel=\"noopener\">www.svss.ch.<\/a><\/li>\n<\/ul>\n<p>[\/vc_column_text][\/vc_column][\/vc_row][vc_row full_width=&#8220;stretch_row&#8220; css=&#8220;.vc_custom_1505988728185{margin-bottom: -50px !important;background-color: #ca4f39 !important;}&#8220;][vc_column][vc_custom_heading text=&#8220;Der Kantonalverband und der Zentralverband SVSS machen gemeinsame Sache!&#8220; font_container=&#8220;tag:h2|font_size:20px|text_align:center|color:%23ffffff&#8220; use_theme_fonts=&#8220;yes&#8220;][\/vc_column][\/vc_row]<\/p>\n<\/div>","protected":false},"excerpt":{"rendered":"<p>[vc_row][vc_column width=&#8220;1\/2&#8243;][vc_single_image image=&#8220;1749&#8243; img_size=&#8220;full&#8220; css=&#8220;.vc_custom_1505999300697{margin-bottom: 25px !important;}&#8220;][vc_custom_heading text=&#8220;Wir stellen uns vor&#8220; font_container=&#8220;tag:h4|text_align:left&#8220; use_theme_fonts=&#8220;yes&#8220;][vc_column_text css=&#8220;.vc_custom_1505989701485{padding-right: 20px !important;}&#8220;] bsVSS ist die Abk\u00fcrzung f\u00fcr den &#8222;Baselst\u00e4dtischen Verband f\u00fcr Sport in der Schule&#8220; Wir sind ein Kantonalverband des SVSS (Schweizerischer Verband f\u00fcr Sport in der Schule).\u2028 Unsere Mitglieder sind Turn- und SportlehrerInnen I und II, PrimarlehrerInnen, Kinderg\u00e4rtnerInnen und andere im Bereich Sport t\u00e4tige Personen.&nbsp;<a href=\"https:\/\/bs-vss.ch\/?page_id=584\">[&hellip;]<\/a><\/p>\n","protected":false},"author":2,"featured_media":0,"parent":0,"menu_order":0,"comment_status":"closed","ping_status":"closed","template":"template-sidebar-left-childpages.php","meta":{"footnotes":""},"_links":{"self":[{"href":"https:\/\/bs-vss.ch\/index.php?rest_route=\/wp\/v2\/pages\/584"}],"collection":[{"href":"https:\/\/bs-vss.ch\/index.php?rest_route=\/wp\/v2\/pages"}],"about":[{"href":"https:\/\/bs-vss.ch\/index.php?rest_route=\/wp\/v2\/types\/page"}],"author":[{"embeddable":true,"href":"https:\/\/bs-vss.ch\/index.php?rest_route=\/wp\/v2\/users\/2"}],"replies":[{"embeddable":true,"href":"https:\/\/bs-vss.ch\/index.php?rest_route=%2Fwp%2Fv2%2Fcomments&post=584"}],"version-history":[{"count":20,"href":"https:\/\/bs-vss.ch\/index.php?rest_route=\/wp\/v2\/pages\/584\/revisions"}],"predecessor-version":[{"id":1892,"href":"https:\/\/bs-vss.ch\/index.php?rest_route=\/wp\/v2\/pages\/584\/revisions\/1892"}],"wp:attachment":[{"href":"https:\/\/bs-vss.ch\/index.php?rest_route=%2Fwp%2Fv2%2Fmedia&parent=584"}],"curies":[{"name":"wp","href":"https:\/\/api.w.org\/{rel}","templated":true}]}}